{"id":33,"date":"2020-05-20T16:37:25","date_gmt":"2020-05-20T14:37:25","guid":{"rendered":"https:\/\/www.wms-technology.ch\/?page_id=33"},"modified":"2020-08-18T15:22:35","modified_gmt":"2020-08-18T13:22:35","slug":"leistungen","status":"publish","type":"page","link":"https:\/\/www.wms-technology.ch\/fr\/leistungen\/","title":{"rendered":"Leistungen"},"content":{"rendered":"<table class=\"uk-table\">\n<tbody>\n<tr>\n<td class=\"uk-width-1-3\"><\/td>\n<td class=\"uk-text-right uk-width-1-3\"><\/td>\n<td class=\"uk-text-right uk-width-1-3\"><\/td>\n<\/tr>\n<tr>\n<td class=\"uk-width-1-3\">\n<ul>\n<li>Programmierung Roboter (ABB, KUKA, Fanuc)<\/li>\n<li>Programmierung SPS<\/li>\n<li>Schulung Roboter (Grundlagen, Teachen, Programmierung)<\/li>\n<li>Prozess Know-how (Entgraten, Schleifen, Montage, Punktschwei\u00dfen)<\/li>\n<li>Optimierungen an vorhandenen Roboteranlage<\/li>\n<li>Service<\/li>\n<li>Entgratversuche durch vorhandene Hardware<\/li>\n<\/ul>\n<\/td>\n<td class=\"uk-text-right uk-width-1-3\"><\/td>\n<td class=\"uk-text-right uk-width-1-3\"><img loading=\"lazy\" decoding=\"async\" class=\"alignnone wp-image-2496\" src=\"https:\/\/www.wms-technology.ch\/wp-content\/uploads\/sites\/6\/2020\/05\/asdf.jpg\" alt=\"\" width=\"256\" height=\"250\" srcset=\"https:\/\/www.wms-technology.ch\/fr\/wp-content\/uploads\/sites\/6\/2020\/05\/asdf.jpg 530w, https:\/\/www.wms-technology.ch\/fr\/wp-content\/uploads\/sites\/6\/2020\/05\/asdf-300x293.jpg 300w\" sizes=\"(max-width: 256px) 100vw, 256px\" \/><\/td>\n<\/tr>\n<tr>\n<td class=\"uk-width-1-3\"><\/td>\n<td class=\"uk-text-right uk-width-1-3\"><\/td>\n<td class=\"uk-text-right uk-width-1-3\"><\/td>\n<\/tr>\n<tr>\n<td class=\"uk-width-1-3\"><\/td>\n<td class=\"uk-text-right uk-width-1-3\"><\/td>\n<td class=\"uk-text-right uk-width-1-3\"><\/td>\n<\/tr>\n<\/tbody>\n<\/table>\n<h2>L\u00e4uft bei uns<\/h2>\n<p>Qualifizierte Mitarbeiter mit \u00fcber 15 Jahren Berufserfahrung, mehr als 120 programmierte Roboter verschiedener Hersteller mit erfolgreich eingefahrenen Prozessen, davon allein 50 aus dem Bereich Entgratung f\u00fcr unterschiedlichste Bauteile &#8211; die WMS Robotics ist Ihr optimaler Partner im Bereich Anlagenprogrammierung.<\/p>\n<p>Als Partner der WMS-engineering GmbH haben wir es uns zur Aufgabe gemacht unser K\u00f6nnen an die Kunden weiterzugeben. Mit dem Schulungscenter in Dinklar haben wir deshalb einen zus\u00e4tzlichen Standort geschaffen, in welchem die Kunst der Roboterprogrammierung effizient unterrichtet wird- den sicheren Prozess garantiert!<\/p>\n<p>&nbsp;<\/p>\n<p><img loading=\"lazy\" decoding=\"async\" class=\"alignnone size-full wp-image-2406\" src=\"https:\/\/www.wms-technology.ch\/wp-content\/uploads\/sites\/6\/2020\/05\/leistungen_wms_robotics.jpg\" alt=\"Leistungen WMS Robotics\" width=\"1130\" height=\"754\" srcset=\"https:\/\/www.wms-technology.ch\/fr\/wp-content\/uploads\/sites\/6\/2020\/05\/leistungen_wms_robotics.jpg 1130w, https:\/\/www.wms-technology.ch\/fr\/wp-content\/uploads\/sites\/6\/2020\/05\/leistungen_wms_robotics-300x200.jpg 300w, https:\/\/www.wms-technology.ch\/fr\/wp-content\/uploads\/sites\/6\/2020\/05\/leistungen_wms_robotics-1024x683.jpg 1024w, https:\/\/www.wms-technology.ch\/fr\/wp-content\/uploads\/sites\/6\/2020\/05\/leistungen_wms_robotics-768x512.jpg 768w\" sizes=\"(max-width: 1130px) 100vw, 1130px\" \/><\/p>\n","protected":false},"excerpt":{"rendered":"<p>Programmierung Roboter (ABB, KUKA, Fanuc) Programmierung SPS Schulung Roboter (Grundlagen, Teachen, Programmierung) Prozess Know-how (Entgraten, Schleifen, Montage, Punktschwei\u00dfen) Optimierungen an vorhandenen Roboteranlage Service Entgratversuche durch vorhandene Hardware L\u00e4uft bei uns Qualifizierte Mitarbeiter mit \u00fcber 15 Jahren Berufserfahrung, mehr als 120 programmierte Roboter verschiedener Hersteller mit erfolgreich eingefahrenen Prozessen, davon allein 50 aus dem Bereich Entgratung [&hellip;]<\/p>\n","protected":false},"author":1,"featured_media":2404,"parent":0,"menu_order":0,"comment_status":"closed","ping_status":"closed","template":"","meta":{"footnotes":""},"_links":{"self":[{"href":"https:\/\/www.wms-technology.ch\/fr\/wp-json\/wp\/v2\/pages\/33"}],"collection":[{"href":"https:\/\/www.wms-technology.ch\/fr\/wp-json\/wp\/v2\/pages"}],"about":[{"href":"https:\/\/www.wms-technology.ch\/fr\/wp-json\/wp\/v2\/types\/page"}],"author":[{"embeddable":true,"href":"https:\/\/www.wms-technology.ch\/fr\/wp-json\/wp\/v2\/users\/1"}],"replies":[{"embeddable":true,"href":"https:\/\/www.wms-technology.ch\/fr\/wp-json\/wp\/v2\/comments?post=33"}],"version-history":[{"count":6,"href":"https:\/\/www.wms-technology.ch\/fr\/wp-json\/wp\/v2\/pages\/33\/revisions"}],"predecessor-version":[{"id":2517,"href":"https:\/\/www.wms-technology.ch\/fr\/wp-json\/wp\/v2\/pages\/33\/revisions\/2517"}],"wp:featuredmedia":[{"embeddable":true,"href":"https:\/\/www.wms-technology.ch\/fr\/wp-json\/wp\/v2\/media\/2404"}],"wp:attachment":[{"href":"https:\/\/www.wms-technology.ch\/fr\/wp-json\/wp\/v2\/media?parent=33"}],"curies":[{"name":"wp","href":"https:\/\/api.w.org\/{rel}","templated":true}]}}