{"id":11,"date":"2017-05-29T15:29:24","date_gmt":"2017-05-29T13:29:24","guid":{"rendered":"https:\/\/www.wms-technology.ch\/?page_id=11"},"modified":"2024-04-17T16:27:32","modified_gmt":"2024-04-17T14:27:32","slug":"startseite","status":"publish","type":"page","link":"https:\/\/www.wms-technology.ch\/fr\/","title":{"rendered":"Startseite"},"content":{"rendered":"<div class=\"uk-grid\" data-uk-grid-margin><div class=\"uk-width-medium-1-2\"><\/p>\n<h3>Unternehmen<\/h3>\n<p><img loading=\"lazy\" decoding=\"async\" class=\"alignnone size-full wp-image-2373\" src=\"https:\/\/www.wms-technology.ch\/wp-content\/uploads\/sites\/6\/2020\/05\/wms_robotics_team.jpg\" alt=\"WMS Robotics Team\" width=\"700\" height=\"467\" srcset=\"https:\/\/www.wms-technology.ch\/fr\/wp-content\/uploads\/sites\/6\/2020\/05\/wms_robotics_team.jpg 700w, https:\/\/www.wms-technology.ch\/fr\/wp-content\/uploads\/sites\/6\/2020\/05\/wms_robotics_team-300x200.jpg 300w\" sizes=\"(max-width: 700px) 100vw, 700px\" \/><\/p>\n<p><span style=\"font-family: 'Siro Light',sans-serif;\">Seit Ende 2016 ist die WMS Robotics GmbH Ihr kompetenter und zuverl\u00e4ssiger Partner im Bereich Software, Robotik und Entgratung.<\/span><\/p>\n<p><a class=\"uk-button\" href=\"https:\/\/www.wms-technology.ch\/unternehmen\/\">Mehr dazu<\/a><\/p>\n<p>\n<\/div>\n<div class=\"uk-width-medium-1-2\"><\/p>\n<h3>Leistungen<\/h3>\n<p><img loading=\"lazy\" decoding=\"async\" class=\"alignnone wp-image-2399 size-full\" src=\"https:\/\/www.wms-technology.ch\/wp-content\/uploads\/sites\/6\/2020\/05\/roboterprogrammierung_leistungen.jpg\" alt=\"Roboterprogrammierung Leistungen\" width=\"700\" height=\"467\" srcset=\"https:\/\/www.wms-technology.ch\/fr\/wp-content\/uploads\/sites\/6\/2020\/05\/roboterprogrammierung_leistungen.jpg 700w, https:\/\/www.wms-technology.ch\/fr\/wp-content\/uploads\/sites\/6\/2020\/05\/roboterprogrammierung_leistungen-300x200.jpg 300w\" sizes=\"(max-width: 700px) 100vw, 700px\" \/><\/p>\n<p><span style=\"font-family: 'Siro Light',sans-serif;\">Service, Schulung, Prozess Know-how, \u2026 informieren Sie sich \u00fcber unser Leistungsspektrum.<\/span><\/p>\n<p><a class=\"uk-button\" href=\"https:\/\/www.wms-technology.ch\/leistungen\/\">Mehr dazu<\/a><\/p>\n<p>\n<\/div><\/div>\n<div class=\"uk-grid\" data-uk-grid-margin><div class=\"uk-width-medium-1-2\"><\/p>\n<h3>Referenzen<\/h3>\n<p><img loading=\"lazy\" decoding=\"async\" class=\"alignnone wp-image-2412 size-full\" src=\"https:\/\/www.wms-technology.ch\/wp-content\/uploads\/sites\/6\/2020\/05\/wms_robotics_referenzen.jpg\" alt=\"WMS Robotics Referenzen\" width=\"700\" height=\"467\" srcset=\"https:\/\/www.wms-technology.ch\/fr\/wp-content\/uploads\/sites\/6\/2020\/05\/wms_robotics_referenzen.jpg 700w, https:\/\/www.wms-technology.ch\/fr\/wp-content\/uploads\/sites\/6\/2020\/05\/wms_robotics_referenzen-300x200.jpg 300w\" sizes=\"(max-width: 700px) 100vw, 700px\" \/><\/p>\n<p><span style=\"font-family: 'Siro Light',sans-serif;\">\u00dcber 120 Roboter wurden bereits erfolgreich programmiert und eingefahren. Erhalten Sie einen \u00dcberblick \u00fcber unsere Endkunden.<\/span><\/p>\n<p><a class=\"uk-button\" href=\"https:\/\/www.wms-technology.ch\/projekte\/\">Mehr dazu<\/a><\/p>\n<p>\n<\/div>\n<div class=\"uk-width-medium-1-2\"><\/p>\n<h3>Karriere<\/h3>\n<p><img loading=\"lazy\" decoding=\"async\" class=\"alignnone wp-image-2422 size-full\" src=\"https:\/\/www.wms-technology.ch\/wp-content\/uploads\/sites\/6\/2020\/05\/wms_robotics_stellenangebote-700.jpg\" alt=\"WMS Robotics Stellenangebote\" width=\"700\" height=\"467\" srcset=\"https:\/\/www.wms-technology.ch\/fr\/wp-content\/uploads\/sites\/6\/2020\/05\/wms_robotics_stellenangebote-700.jpg 700w, https:\/\/www.wms-technology.ch\/fr\/wp-content\/uploads\/sites\/6\/2020\/05\/wms_robotics_stellenangebote-700-300x200.jpg 300w\" sizes=\"(max-width: 700px) 100vw, 700px\" \/><\/p>\n<p><span style=\"font-family: 'Siro Light',sans-serif;\">Wir investieren stetig in die Weiterentwicklung der eigenen Marke. Dabei suchen wir regelm\u00e4\u00dfig nach neuen, qualifizierten Kollegen, welche uns in unserem Prozess unterst\u00fctzen.<\/span><\/p>\n<p><a class=\"uk-button\" href=\"\/kategorie\/stellenangebote\/\">Mehr dazu<\/a><\/p>\n<p>\n<\/div><\/div>\n","protected":false},"excerpt":{"rendered":"","protected":false},"author":1,"featured_media":0,"parent":0,"menu_order":0,"comment_status":"closed","ping_status":"closed","template":"landing.php","meta":{"footnotes":""},"_links":{"self":[{"href":"https:\/\/www.wms-technology.ch\/fr\/wp-json\/wp\/v2\/pages\/11"}],"collection":[{"href":"https:\/\/www.wms-technology.ch\/fr\/wp-json\/wp\/v2\/pages"}],"about":[{"href":"https:\/\/www.wms-technology.ch\/fr\/wp-json\/wp\/v2\/types\/page"}],"author":[{"embeddable":true,"href":"https:\/\/www.wms-technology.ch\/fr\/wp-json\/wp\/v2\/users\/1"}],"replies":[{"embeddable":true,"href":"https:\/\/www.wms-technology.ch\/fr\/wp-json\/wp\/v2\/comments?post=11"}],"version-history":[{"count":7,"href":"https:\/\/www.wms-technology.ch\/fr\/wp-json\/wp\/v2\/pages\/11\/revisions"}],"predecessor-version":[{"id":2503,"href":"https:\/\/www.wms-technology.ch\/fr\/wp-json\/wp\/v2\/pages\/11\/revisions\/2503"}],"wp:attachment":[{"href":"https:\/\/www.wms-technology.ch\/fr\/wp-json\/wp\/v2\/media?parent=11"}],"curies":[{"name":"wp","href":"https:\/\/api.w.org\/{rel}","templated":true}]}}